{"id":1757,"date":"2024-06-24T20:19:33","date_gmt":"2024-06-24T20:19:33","guid":{"rendered":"https:\/\/dev.luisgehrmann.de\/?page_id=1757"},"modified":"2024-09-01T13:04:49","modified_gmt":"2024-09-01T13:04:49","slug":"aufnahmen","status":"publish","type":"page","link":"https:\/\/dev.luisgehrmann.de\/en\/aufnahmen\/","title":{"rendered":"Aufnahmen"},"content":{"rendered":"<div class=\"wp-block-group is-layout-flow wp-block-group-is-layout-flow\" style=\"padding-right:10%;padding-left:10%\">\n<div class=\"wp-block-group has-tertiary-background-color has-background is-layout-flow wp-block-group-is-layout-flow\">\n<div style=\"height:8px\" aria-hidden=\"true\" class=\"wp-block-spacer\"><\/div>\n\n\n\n<div class=\"wp-block-uagb-info-box uagb-block-d0184d6f uagb-infobox__content-wrap  uagb-infobox-icon-above-title uagb-infobox-image-valign-top\"><div class=\"uagb-ifb-content\"><div class=\"uagb-ifb-icon-wrap\"><svg xmlns=\"https:\/\/www.w3.org\/2000\/svg\" viewbox=\"0 0 512 512\"><path d=\"M256 0C114.6 0 0 114.6 0 256s114.6 256 256 256s256-114.6 256-256S397.4 0 256 0zM256 128c17.67 0 32 14.33 32 32c0 17.67-14.33 32-32 32S224 177.7 224 160C224 142.3 238.3 128 256 128zM296 384h-80C202.8 384 192 373.3 192 360s10.75-24 24-24h16v-64H224c-13.25 0-24-10.75-24-24S210.8 224 224 224h32c13.25 0 24 10.75 24 24v88h16c13.25 0 24 10.75 24 24S309.3 384 296 384z\"><\/path><\/svg><\/div><div class=\"uagb-ifb-title-wrap\"><h3 class=\"uagb-ifb-title\">Aufnahmen<\/h3><\/div><p class=\"uagb-ifb-desc\">Diese Seite enth\u00e4lt eine Auswahl an live Aufnahmen aus echten Konzerten oder Opernauff\u00fchrungen. Zudem finden Sie Aufnahmen aus aktuellen Lied-CDs, die in Studioversionen vorliegen.<\/p><\/div><\/div>\n\n\n\n<p class=\"has-text-align-center\">F\u00fcr eine ausf\u00fchrliche Sammlung folgen Sie<\/p>\n\n\n\n<div style=\"height:8px\" aria-hidden=\"true\" class=\"wp-block-spacer\"><\/div>\n\n\n\n<a href=\"https:\/\/www.youtube.com\/channel\/UCQCCRd6snPc_vRyMQxZuxAg?view_as=subscriber\">\n\n\n\n<div class=\"wp-block-group has-global-padding is-layout-constrained wp-container-core-group-is-layout-1 wp-block-group-is-layout-constrained\" style=\"padding-top:var(--wp--preset--spacing--30);padding-bottom:var(--wp--preset--spacing--30)\">\n<div class=\"wp-block-columns is-layout-flex wp-container-core-columns-is-layout-1 wp-block-columns-is-layout-flex\" style=\"border-width:2px\">\n<div class=\"wp-block-column is-layout-flow wp-block-column-is-layout-flow\"><\/div>\n\n\n\n<div class=\"wp-block-column is-vertically-aligned-center is-layout-flow wp-block-column-is-layout-flow\" style=\"flex-basis:40px\">      \n\t\t\t<div class=\"uagb-icon-wrapper uagb-block-729fd0b0\"\t>\n\t\t\t\t\t\t\t\t\t<span class=\"uagb-svg-wrapper\" aria-label=\"&quot;youtube&quot;\">\t\t\n\t\t\t\t\t\t\t\t\t\t<svg xmlns=\"https:\/\/www.w3.org\/2000\/svg\" viewbox= \"0 0 576 512\" role=\"graphics-symbol\" aria-hidden=\"false\" aria-label=\"\"><path d=\"M549.7 124.1c-6.281-23.65-24.79-42.28-48.28-48.6C458.8 64 288 64 288 64S117.2 64 74.63 75.49c-23.5 6.322-42 24.95-48.28 48.6-11.41 42.87-11.41 132.3-11.41 132.3s0 89.44 11.41 132.3c6.281 23.65 24.79 41.5 48.28 47.82C117.2 448 288 448 288 448s170.8 0 213.4-11.49c23.5-6.321 42-24.17 48.28-47.82 11.41-42.87 11.41-132.3 11.41-132.3s0-89.44-11.41-132.3zm-317.5 213.5V175.2l142.7 81.21-142.7 81.2z\"><\/path><\/svg>\n\t\t\t\t\t\t\t\t\t<\/span>\n\t\t\t\t\t\t\t<\/div>\n\t\t\t<\/div>\n\n\n\n<div class=\"wp-block-column is-vertically-aligned-center is-layout-flow wp-block-column-is-layout-flow\" style=\"flex-basis:66.66%\">\n<p class=\"has-text-align-center\"><strong>Thomas Heyer auf Youtube<\/strong><\/p>\n<\/div>\n\n\n\n<div class=\"wp-block-column is-layout-flow wp-block-column-is-layout-flow\"><\/div>\n<\/div>\n<\/div>\n\n\n\n<\/a>\n\n\n\n<div style=\"height:8px\" aria-hidden=\"true\" class=\"wp-block-spacer\"><\/div>\n<\/div>\n<\/div>\n\n\n\n<div style=\"height:46px\" aria-hidden=\"true\" class=\"wp-block-spacer\"><\/div>\n\n\n\n<div class=\"wp-block-group has-base-color has-secondary-background-color has-text-color has-background has-link-color wp-elements-e616d7eb157c332ffa7455a79510a3c5 is-layout-flow wp-block-group-is-layout-flow\" style=\"padding-right:12%;padding-left:12%;background-image:url(&#039;https:\/\/thomasheyer-com.preview-domain.com\/wp-content\/uploads\/2024\/06\/Slider_Background_2.png&#039;);background-size:cover;\">\n<div style=\"height:46px\" aria-hidden=\"true\" class=\"wp-block-spacer\"><\/div>\n\n\n\n<div class=\"wp-block-uagb-slider uagb-block-533c2223 uagb-slider-container\"><div class=\"uagb-slides uagb-swiper\"><div class=\"swiper-wrapper\">\n<div class=\"wp-block-uagb-slider-child uagb-slider-child-wrap swiper-slide uagb-block-ea1daeab\"><div class=\"swiper-content\">\n<div class=\"wp-block-uagb-container uagb-block-fc844943 alignfull uagb-is-root-container\"><div class=\"uagb-container-inner-blocks-wrap\">\n<div class=\"wp-block-group has-global-padding is-layout-constrained wp-block-group-is-layout-constrained\">\n<h2 class=\"wp-block-heading has-text-align-center\">O Sole Mio<\/h2>\n\n\n\n<h5 class=\"wp-block-heading has-text-align-center\"> Eduardo Di Capua<\/h5>\n\n\n\n<figure class=\"wp-block-embed is-type-video is-provider-youtube wp-block-embed-youtube wp-embed-aspect-16-9 wp-has-aspect-ratio\" style=\"margin-top:var(--wp--preset--spacing--30);margin-bottom:var(--wp--preset--spacing--30)\"><div class=\"wp-block-embed__wrapper\">\n<iframe loading=\"lazy\" title=\"&#039;O sole mio (E. Di Capua) - Thomas Heyer\" width=\"500\" height=\"281\" src=\"https:\/\/www.youtube.com\/embed\/V2MR6tFTCF0?feature=oembed\" frameborder=\"0\" allow=\"accelerometer; autoplay; clipboard-write; encrypted-media; gyroscope; picture-in-picture; web-share\" referrerpolicy=\"strict-origin-when-cross-origin\" allowfullscreen><\/iframe>\n<\/div><\/figure>\n<\/div>\n<\/div><\/div>\n<\/div><\/div>\n\n\n\n<div class=\"wp-block-uagb-slider-child uagb-slider-child-wrap swiper-slide uagb-block-aa40117b\"><div class=\"swiper-content\">\n<div class=\"wp-block-uagb-container uagb-block-e6b42189 alignfull uagb-is-root-container\"><div class=\"uagb-container-inner-blocks-wrap\">\n<div class=\"wp-block-group has-global-padding is-layout-constrained wp-block-group-is-layout-constrained\">\n<h2 class=\"wp-block-heading has-text-align-center\">Bist Du!<\/h2>\n\n\n\n<h5 class=\"wp-block-heading has-text-align-center\">Franz Liszt<\/h5>\n\n\n\n<figure class=\"wp-block-embed is-type-video is-provider-youtube wp-block-embed-youtube wp-embed-aspect-16-9 wp-has-aspect-ratio\" style=\"margin-top:var(--wp--preset--spacing--30);margin-bottom:var(--wp--preset--spacing--30)\"><div class=\"wp-block-embed__wrapper\">\n<iframe loading=\"lazy\" title=\"&quot;Bist du!&quot; (Franz Liszt) - Thomas Heyer &amp; Klaus Bernhard Roth\" width=\"500\" height=\"281\" src=\"https:\/\/www.youtube.com\/embed\/kY4hrrgPwpM?feature=oembed\" frameborder=\"0\" allow=\"accelerometer; autoplay; clipboard-write; encrypted-media; gyroscope; picture-in-picture; web-share\" referrerpolicy=\"strict-origin-when-cross-origin\" allowfullscreen><\/iframe>\n<\/div><\/figure>\n<\/div>\n<\/div><\/div>\n<\/div><\/div>\n\n\n\n<div class=\"wp-block-uagb-slider-child uagb-slider-child-wrap swiper-slide uagb-block-8129340a\"><div class=\"swiper-content\">\n<div class=\"wp-block-uagb-container uagb-block-2a962250 alignfull uagb-is-root-container\"><div class=\"uagb-container-inner-blocks-wrap\">\n<div class=\"wp-block-group has-global-padding is-layout-constrained wp-block-group-is-layout-constrained\">\n<h2 class=\"wp-block-heading has-text-align-center\">Una Furtiva Lagrima<\/h2>\n\n\n\n<h5 class=\"wp-block-heading has-text-align-center\">Gaetano Donizetti<\/h5>\n\n\n\n<figure class=\"wp-block-embed is-type-video is-provider-youtube wp-block-embed-youtube wp-embed-aspect-16-9 wp-has-aspect-ratio\" style=\"margin-top:var(--wp--preset--spacing--30);margin-bottom:var(--wp--preset--spacing--30)\"><div class=\"wp-block-embed__wrapper\">\n<iframe loading=\"lazy\" title=\"&quot;Una furtiva lagrima&quot; (G.Donizetti) - Thomas Heyer\" width=\"500\" height=\"281\" src=\"https:\/\/www.youtube.com\/embed\/ZWX1GipC6TE?feature=oembed\" frameborder=\"0\" allow=\"accelerometer; autoplay; clipboard-write; encrypted-media; gyroscope; picture-in-picture; web-share\" referrerpolicy=\"strict-origin-when-cross-origin\" allowfullscreen><\/iframe>\n<\/div><\/figure>\n<\/div>\n<\/div><\/div>\n<\/div><\/div>\n\n\n\n<div class=\"wp-block-uagb-slider-child uagb-slider-child-wrap swiper-slide uagb-block-ec6c3177\"><div class=\"swiper-content\">\n<div class=\"wp-block-uagb-container uagb-block-610716c0 alignfull uagb-is-root-container\"><div class=\"uagb-container-inner-blocks-wrap\">\n<div class=\"wp-block-group has-global-padding is-layout-constrained wp-block-group-is-layout-constrained\">\n<h2 class=\"wp-block-heading has-text-align-center\">E Lucevan Le Stelle<\/h2>\n\n\n\n<h5 class=\"wp-block-heading has-text-align-center\">Giacomo Puccini<\/h5>\n\n\n\n<figure class=\"wp-block-embed is-type-video is-provider-youtube wp-block-embed-youtube wp-embed-aspect-16-9 wp-has-aspect-ratio\" style=\"margin-top:var(--wp--preset--spacing--30);margin-bottom:var(--wp--preset--spacing--30)\"><div class=\"wp-block-embed__wrapper\">\n<iframe loading=\"lazy\" title=\"&quot;E lucevan le stelle&quot; (G.Puccini) - Thomas Heyer\" width=\"500\" height=\"281\" src=\"https:\/\/www.youtube.com\/embed\/MLvpspmAnDw?feature=oembed\" frameborder=\"0\" allow=\"accelerometer; autoplay; clipboard-write; encrypted-media; gyroscope; picture-in-picture; web-share\" referrerpolicy=\"strict-origin-when-cross-origin\" allowfullscreen><\/iframe>\n<\/div><\/figure>\n<\/div>\n<\/div><\/div>\n<\/div><\/div>\n\n\n\n<div class=\"wp-block-uagb-slider-child uagb-slider-child-wrap swiper-slide uagb-block-924f39ab\"><div class=\"swiper-content\">\n<div class=\"wp-block-uagb-container uagb-block-405cc520 alignfull uagb-is-root-container\"><div class=\"uagb-container-inner-blocks-wrap\">\n<div class=\"wp-block-group has-global-padding is-layout-constrained wp-block-group-is-layout-constrained\">\n<h2 class=\"wp-block-heading has-text-align-center\">\u00dcber Allen Gipfeln Ist Ruh<\/h2>\n\n\n\n<h5 class=\"wp-block-heading has-text-align-center\">Martin Scherber<\/h5>\n\n\n\n<figure class=\"wp-block-embed is-type-video is-provider-youtube wp-block-embed-youtube wp-embed-aspect-4-3 wp-has-aspect-ratio\" style=\"margin-top:var(--wp--preset--spacing--30);margin-bottom:var(--wp--preset--spacing--30)\"><div class=\"wp-block-embed__wrapper\">\n<iframe loading=\"lazy\" title=\"Martin Scherber: &#039;\u00dcber allen Gipfeln ist Ruh&#039; (Goethe)\" width=\"500\" height=\"375\" src=\"https:\/\/www.youtube.com\/embed\/YzebrDEENrA?feature=oembed\" frameborder=\"0\" allow=\"accelerometer; autoplay; clipboard-write; encrypted-media; gyroscope; picture-in-picture; web-share\" referrerpolicy=\"strict-origin-when-cross-origin\" allowfullscreen><\/iframe>\n<\/div><\/figure>\n<\/div>\n<\/div><\/div>\n<\/div><\/div>\n<\/div><\/div><div class=\"swiper-pagination\"><\/div><div class=\"swiper-button-prev\"><\/div><div class=\"swiper-button-next\"><\/div><\/div>\n\n\n\n<div style=\"height:46px\" aria-hidden=\"true\" class=\"wp-block-spacer\"><\/div>\n<\/div>\n\n\n\n<div style=\"height:46px\" aria-hidden=\"true\" class=\"wp-block-spacer\"><\/div>\n\n\n\n<div class=\"wp-block-group is-layout-flow wp-block-group-is-layout-flow\" style=\"padding-right:0%;padding-left:0%\">\n<div class=\"wp-block-columns are-vertically-aligned-center is-layout-flex wp-container-core-columns-is-layout-2 wp-block-columns-is-layout-flex\" style=\"padding-right:10px;padding-left:10px\">\n<div class=\"wp-block-column is-layout-flow wp-block-column-is-layout-flow\" style=\"flex-basis:5%\"><\/div>\n\n\n\n<div class=\"wp-block-column is-vertically-aligned-center is-layout-flow wp-block-column-is-layout-flow\" style=\"padding-right:var(--wp--preset--spacing--30);padding-left:var(--wp--preset--spacing--30)\">\n<div class=\"wp-block-group is-layout-flow wp-block-group-is-layout-flow\">\n<h4 class=\"wp-block-heading has-text-align-center\">H\u00f6chste Herrscherin Der Welt<\/h4>\n\n\n\n<h5 class=\"wp-block-heading has-text-align-center\">Gustav Mahler<\/h5>\n\n\n\n<div style=\"height:6px\" aria-hidden=\"true\" class=\"wp-block-spacer\"><\/div>\n\n\n\n<figure class=\"wp-block-image aligncenter size-full is-resized\"><img loading=\"lazy\" decoding=\"async\" width=\"451\" height=\"672\" src=\"https:\/\/thomasheyer-com.preview-domain.com\/wp-content\/uploads\/2024\/06\/Mahler8.webp\" alt=\"\" class=\"wp-image-2168\" style=\"aspect-ratio:3\/4;object-fit:cover;width:auto;height:400px\" srcset=\"https:\/\/dev.luisgehrmann.de\/wp-content\/uploads\/2024\/06\/Mahler8.webp 451w, https:\/\/dev.luisgehrmann.de\/wp-content\/uploads\/2024\/06\/Mahler8-201x300.webp 201w\" sizes=\"(max-width: 451px) 100vw, 451px\" \/><\/figure>\n\n\n\n<figure class=\"wp-block-audio aligncenter\"><audio controls src=\"https:\/\/dev.luisgehrmann.de\/wp-content\/uploads\/2024\/06\/thomas-heyer_8_mahler_live.mp3\"><\/audio><\/figure>\n<\/div>\n<\/div>\n\n\n\n<div class=\"wp-block-column is-layout-flow wp-block-column-is-layout-flow\" style=\"flex-basis:5%\"><\/div>\n\n\n\n<div class=\"wp-block-column is-vertically-aligned-center is-layout-flow wp-block-column-is-layout-flow\" style=\"padding-right:var(--wp--preset--spacing--30);padding-left:var(--wp--preset--spacing--30)\">\n<div class=\"wp-block-group is-layout-flow wp-block-group-is-layout-flow\">\n<h4 class=\"wp-block-heading has-text-align-center\">Recondita Armonia<\/h4>\n\n\n\n<h5 class=\"wp-block-heading has-text-align-center\">Giacomo Puccini<\/h5>\n\n\n\n<div style=\"height:6px\" aria-hidden=\"true\" class=\"wp-block-spacer\"><\/div>\n\n\n\n<figure class=\"wp-block-image aligncenter size-full is-resized\"><img loading=\"lazy\" decoding=\"async\" width=\"451\" height=\"642\" src=\"https:\/\/thomasheyer-com.preview-domain.com\/wp-content\/uploads\/2024\/06\/ReconditaArmonia.webp\" alt=\"\" class=\"wp-image-2196\" style=\"aspect-ratio:3\/4;object-fit:cover;width:auto;height:400px\" srcset=\"https:\/\/dev.luisgehrmann.de\/wp-content\/uploads\/2024\/06\/ReconditaArmonia.webp 451w, https:\/\/dev.luisgehrmann.de\/wp-content\/uploads\/2024\/06\/ReconditaArmonia-211x300.webp 211w\" sizes=\"(max-width: 451px) 100vw, 451px\" \/><\/figure>\n\n\n\n<figure class=\"wp-block-audio aligncenter\"><audio controls src=\"https:\/\/dev.luisgehrmann.de\/wp-content\/uploads\/2024\/06\/recondita2.mus_.mp3\"><\/audio><\/figure>\n<\/div>\n<\/div>\n\n\n\n<div class=\"wp-block-column is-layout-flow wp-block-column-is-layout-flow\" style=\"flex-basis:5%\"><\/div>\n\n\n\n<div class=\"wp-block-column is-vertically-aligned-center is-layout-flow wp-block-column-is-layout-flow\" style=\"padding-right:var(--wp--preset--spacing--30);padding-left:var(--wp--preset--spacing--30)\">\n<div class=\"wp-block-group is-layout-flow wp-block-group-is-layout-flow\">\n<h4 class=\"wp-block-heading has-text-align-center\">Und Alsbald Kr\u00e4hete Der Hahn<\/h4>\n\n\n\n<h5 class=\"wp-block-heading has-text-align-center\">Johann Sebastian Bach<\/h5>\n\n\n\n<div style=\"height:6px\" aria-hidden=\"true\" class=\"wp-block-spacer\"><\/div>\n\n\n\n<figure class=\"wp-block-image aligncenter size-full is-resized\"><img loading=\"lazy\" decoding=\"async\" width=\"452\" height=\"511\" src=\"https:\/\/thomasheyer-com.preview-domain.com\/wp-content\/uploads\/2024\/06\/UndAlsbaldKraeheteDerHahn.webp\" alt=\"\" class=\"wp-image-2198\" style=\"aspect-ratio:3\/4;object-fit:cover;width:auto;height:400px\" srcset=\"https:\/\/dev.luisgehrmann.de\/wp-content\/uploads\/2024\/06\/UndAlsbaldKraeheteDerHahn.webp 452w, https:\/\/dev.luisgehrmann.de\/wp-content\/uploads\/2024\/06\/UndAlsbaldKraeheteDerHahn-265x300.webp 265w\" sizes=\"(max-width: 452px) 100vw, 452px\" \/><\/figure>\n\n\n\n<figure class=\"wp-block-audio aligncenter\"><audio controls src=\"https:\/\/dev.luisgehrmann.de\/wp-content\/uploads\/2024\/06\/Krahete_converted.wav\"><\/audio><\/figure>\n<\/div>\n<\/div>\n\n\n\n<div class=\"wp-block-column is-layout-flow wp-block-column-is-layout-flow\" style=\"flex-basis:5%\"><\/div>\n<\/div>\n<\/div>","protected":false},"excerpt":{"rendered":"<p>F\u00fcr eine ausf\u00fchrliche Sammlung folgen Sie Thomas Heyer auf Youtube H\u00f6chste Herrscherin Der Welt Gustav Mahler Recondita Armonia Giacomo Puccini Und Alsbald Kr\u00e4hete Der Hahn Johann Sebastian Bach<\/p>","protected":false},"author":1,"featured_media":0,"parent":0,"menu_order":0,"comment_status":"closed","ping_status":"closed","template":"","meta":{"_uag_custom_page_level_css":"","footnotes":""},"uagb_featured_image_src":{"full":false,"thumbnail":false,"medium":false,"medium_large":false,"large":false,"1536x1536":false,"2048x2048":false,"trp-custom-language-flag":false},"uagb_author_info":{"display_name":"luisghrmnn@gmail.com","author_link":"https:\/\/dev.luisgehrmann.de\/en\/author\/luisghrmnngmail-com\/"},"uagb_comment_info":0,"uagb_excerpt":"F\u00fcr eine ausf\u00fchrliche Sammlung folgen Sie Thomas Heyer auf Youtube H\u00f6chste Herrscherin Der Welt Gustav Mahler Recondita Armonia Giacomo Puccini Und Alsbald Kr\u00e4hete Der Hahn Johann Sebastian Bach","_links":{"self":[{"href":"https:\/\/dev.luisgehrmann.de\/en\/wp-json\/wp\/v2\/pages\/1757"}],"collection":[{"href":"https:\/\/dev.luisgehrmann.de\/en\/wp-json\/wp\/v2\/pages"}],"about":[{"href":"https:\/\/dev.luisgehrmann.de\/en\/wp-json\/wp\/v2\/types\/page"}],"author":[{"embeddable":true,"href":"https:\/\/dev.luisgehrmann.de\/en\/wp-json\/wp\/v2\/users\/1"}],"replies":[{"embeddable":true,"href":"https:\/\/dev.luisgehrmann.de\/en\/wp-json\/wp\/v2\/comments?post=1757"}],"version-history":[{"count":136,"href":"https:\/\/dev.luisgehrmann.de\/en\/wp-json\/wp\/v2\/pages\/1757\/revisions"}],"predecessor-version":[{"id":2849,"href":"https:\/\/dev.luisgehrmann.de\/en\/wp-json\/wp\/v2\/pages\/1757\/revisions\/2849"}],"wp:attachment":[{"href":"https:\/\/dev.luisgehrmann.de\/en\/wp-json\/wp\/v2\/media?parent=1757"}],"curies":[{"name":"wp","href":"https:\/\/api.w.org\/{rel}","templated":true}]}}