{"id":1763,"date":"2024-06-24T20:21:33","date_gmt":"2024-06-24T20:21:33","guid":{"rendered":"https:\/\/dev.luisgehrmann.de\/?page_id=1763"},"modified":"2024-09-24T23:32:22","modified_gmt":"2024-09-24T23:32:22","slug":"gesangskurse","status":"publish","type":"page","link":"https:\/\/dev.luisgehrmann.de\/en\/gesangskurse\/","title":{"rendered":"Gesangskurse"},"content":{"rendered":"<div style=\"height:30px\" aria-hidden=\"true\" class=\"wp-block-spacer\"><\/div>\n\n\n\n<div class=\"wp-block-group is-layout-flow wp-block-group-is-layout-flow\">\n<div class=\"wp-block-columns is-layout-flex wp-container-core-columns-is-layout-1 wp-block-columns-is-layout-flex\">\n<div class=\"wp-block-column is-vertically-aligned-top is-layout-flow wp-block-column-is-layout-flow\" style=\"padding-right:var(--wp--preset--spacing--30);padding-left:var(--wp--preset--spacing--30)\">\n<p class=\"has-text-align-left\">Seit \u00fcber 20 Jahren gibt Thomas Heyer Gesangskurse f\u00fcr S\u00e4ngerinnen und S\u00e4nger und leitet Fortbildungen f\u00fcr GesangslehrerInnen. In weit \u00fcber 200 Kursen in vielen Teilen der Welt konnte er mehr mit unz\u00e4hligen S\u00e4ngerinnen und S\u00e4ngern aller Stimmf\u00e4cher aus folgenden L\u00e4ndern unterrichten: <br>Armenien, Belgien, China, Deutschland, Frankreich, Italien, Japan, Kanada, Korea, Lettland, Neuseeland, Niederlande, Polen \u00d6sterreich, Rum\u00e4nien, Russland, Slovenien, Spanien, Ukraine, USA&nbsp;u.a.<\/p>\n\n\n\n<p><strong>Bleiben Sie auf dem Laufenden:<\/strong><\/p>\n\n\n\n<ul class=\"wp-block-social-links has-icon-background-color is-style-default is-layout-flex wp-block-social-links-is-layout-flex\"><li style=\"background-color: #2849be; \" class=\"wp-social-link wp-social-link-facebook  wp-block-social-link\"><a href=\"https:\/\/www.facebook.com\/Man-singt-nur-mit-dem-Herzen-gut-164485133594385\" class=\"wp-block-social-link-anchor\"><svg width=\"24\" height=\"24\" viewbox=\"0 0 24 24\" version=\"1.1\" xmlns=\"http:\/\/www.w3.org\/2000\/svg\" aria-hidden=\"true\" focusable=\"false\"><path d=\"M12 2C6.5 2 2 6.5 2 12c0 5 3.7 9.1 8.4 9.9v-7H7.9V12h2.5V9.8c0-2.5 1.5-3.9 3.8-3.9 1.1 0 2.2.2 2.2.2v2.5h-1.3c-1.2 0-1.6.8-1.6 1.6V12h2.8l-.4 2.9h-2.3v7C18.3 21.1 22 17 22 12c0-5.5-4.5-10-10-10z\"><\/path><\/svg><span class=\"wp-block-social-link-label screen-reader-text\">Facebook<\/span><\/a><\/li><\/ul>\n\n\n\n<div style=\"height:30px\" aria-hidden=\"true\" class=\"wp-block-spacer\"><\/div>\n<\/div>\n\n\n\n<div class=\"wp-block-column is-vertically-aligned-center is-layout-flow wp-block-column-is-layout-flow\" style=\"padding-right:0;padding-left:0\">\n<figure class=\"wp-block-image alignright size-full has-custom-border is-style-default\"><img loading=\"lazy\" decoding=\"async\" width=\"564\" height=\"375\" src=\"https:\/\/dev.luisgehrmann.de\/wp-content\/uploads\/2024\/07\/Gesangskurse_Profilbild.webp\" alt=\"\" class=\"wp-image-2718\" style=\"border-top-left-radius:10px;border-bottom-left-radius:10px\" srcset=\"https:\/\/dev.luisgehrmann.de\/wp-content\/uploads\/2024\/07\/Gesangskurse_Profilbild.webp 564w, https:\/\/dev.luisgehrmann.de\/wp-content\/uploads\/2024\/07\/Gesangskurse_Profilbild-300x199.webp 300w\" sizes=\"(max-width: 564px) 100vw, 564px\" \/><\/figure>\n<\/div>\n<\/div>\n<\/div>\n\n\n\n<div style=\"height:65px\" aria-hidden=\"true\" class=\"wp-block-spacer\"><\/div>\n\n\n\n<div class=\"wp-block-group is-layout-flow wp-block-group-is-layout-flow\">\n<h1 class=\"wp-block-heading has-text-align-center\">GESANGSKURSE<\/h1>\n\n\n\n<hr class=\"wp-block-separator has-alpha-channel-opacity\"\/>\n\n\n\n<hr class=\"wp-block-separator has-text-color has-secondary-color has-alpha-channel-opacity has-secondary-background-color has-background is-style-wide\"\/>\n<\/div>\n\n\n\n<div class=\"wp-block-query is-layout-flow wp-block-query-is-layout-flow\"><ul class=\"wp-block-post-template is-layout-flow wp-block-post-template-is-layout-flow\"><li class=\"wp-block-post post-2982 post type-post status-publish format-standard has-post-thumbnail hentry category-gesangskurs\">\n\n<div class=\"wp-block-group has-global-padding is-layout-constrained wp-block-group-is-layout-constrained\" style=\"padding-top:0;padding-bottom:0\">\n<div class=\"wp-block-columns alignwide is-layout-flex wp-container-core-columns-is-layout-2 wp-block-columns-is-layout-flex\">\n<div class=\"wp-block-column is-vertically-aligned-center is-layout-flow wp-block-column-is-layout-flow\" style=\"flex-basis:40%\"><figure style=\"aspect-ratio:4\/3;\" class=\"aligncenter wp-block-post-featured-image wp-duotone-unset-1\"><a href=\"https:\/\/dev.luisgehrmann.de\/en\/fritz-wunderlich-musiktage-kusel-2025\/\" target=\"_self\"  ><img loading=\"lazy\" decoding=\"async\" width=\"602\" height=\"402\" src=\"https:\/\/dev.luisgehrmann.de\/wp-content\/uploads\/2024\/09\/Kusel.jpg\" class=\"attachment-post-thumbnail size-post-thumbnail wp-post-image\" alt=\"Fritz Wunderlich Musiktage Kusel 2025\" style=\"border-radius:10px;border-style:none;border-width:0px;width:100%;height:100%;object-fit:cover;\" srcset=\"https:\/\/dev.luisgehrmann.de\/wp-content\/uploads\/2024\/09\/Kusel.jpg 602w, https:\/\/dev.luisgehrmann.de\/wp-content\/uploads\/2024\/09\/Kusel-300x200.jpg 300w, https:\/\/dev.luisgehrmann.de\/wp-content\/uploads\/2024\/09\/Kusel-18x12.jpg 18w\" sizes=\"(max-width: 602px) 100vw, 602px\" \/><\/a><\/figure><\/div>\n\n\n\n<div class=\"wp-block-column is-vertically-aligned-center is-layout-flow wp-block-column-is-layout-flow\" style=\"flex-basis:60%\"><h2 class=\"has-text-align-center wp-block-post-title\"><a href=\"https:\/\/dev.luisgehrmann.de\/en\/fritz-wunderlich-musiktage-kusel-2025\/\" target=\"_self\" >Fritz Wunderlich Musiktage Kusel 2025<\/a><\/h2>\n\n<div class=\"entry-content wp-block-post-content is-layout-flow wp-block-post-content-is-layout-flow\">\n<p class=\"has-text-align-center\"><strong>15. September &#8211; 21. September 2025<\/strong><\/p>\n\n\n\n<p class=\"has-text-align-center\">F\u00fcr weitere Infos <a href=\"https:\/\/fritz-wunderlich-ges.de\/fritz-wunderlich-musiktage\/\"><strong>hier<\/strong><\/a> klicken<\/p>\n\n\n\n<div class=\"wp-block-buttons is-content-justification-center is-layout-flex wp-container-core-buttons-is-layout-1 wp-block-buttons-is-layout-flex\">\n<div class=\"wp-block-button\"><a class=\"wp-block-button__link has-text-align-left wp-element-button\" href=\"mailto:gesang@gmx.de?subject=Fritz Wunderlich Musiktage Kusel 2025\" style=\"border-radius:10px\">Anmeldung<\/a><\/div>\n<\/div>\n<\/div><\/div>\n<\/div>\n<\/div>\n\n\n\n<div style=\"height:17px\" aria-hidden=\"true\" class=\"wp-block-spacer\"><\/div>\n\n\n\n<hr class=\"wp-block-separator has-text-color has-secondary-color has-alpha-channel-opacity has-secondary-background-color has-background is-style-wide\"\/>\n\n<\/li><li class=\"wp-block-post post-2979 post type-post status-publish format-standard has-post-thumbnail hentry category-gesangskurs\">\n\n<div class=\"wp-block-group has-global-padding is-layout-constrained wp-block-group-is-layout-constrained\" style=\"padding-top:0;padding-bottom:0\">\n<div class=\"wp-block-columns alignwide is-layout-flex wp-container-core-columns-is-layout-3 wp-block-columns-is-layout-flex\">\n<div class=\"wp-block-column is-vertically-aligned-center is-layout-flow wp-block-column-is-layout-flow\" style=\"flex-basis:40%\"><figure style=\"aspect-ratio:4\/3;\" class=\"aligncenter wp-block-post-featured-image wp-duotone-unset-2\"><a href=\"https:\/\/dev.luisgehrmann.de\/en\/meisterkurs-montepulciano-italien-2025\/\" target=\"_self\"  ><img loading=\"lazy\" decoding=\"async\" width=\"388\" height=\"498\" src=\"https:\/\/dev.luisgehrmann.de\/wp-content\/uploads\/2024\/09\/Montepulciano.webp\" class=\"attachment-post-thumbnail size-post-thumbnail wp-post-image\" alt=\"Meisterkurs Montepulciano Italien 2025\" style=\"border-radius:10px;border-style:none;border-width:0px;width:100%;height:100%;object-fit:cover;\" srcset=\"https:\/\/dev.luisgehrmann.de\/wp-content\/uploads\/2024\/09\/Montepulciano.webp 388w, https:\/\/dev.luisgehrmann.de\/wp-content\/uploads\/2024\/09\/Montepulciano-234x300.webp 234w, https:\/\/dev.luisgehrmann.de\/wp-content\/uploads\/2024\/09\/Montepulciano-9x12.webp 9w\" sizes=\"(max-width: 388px) 100vw, 388px\" \/><\/a><\/figure><\/div>\n\n\n\n<div class=\"wp-block-column is-vertically-aligned-center is-layout-flow wp-block-column-is-layout-flow\" style=\"flex-basis:60%\"><h2 class=\"has-text-align-center wp-block-post-title\"><a href=\"https:\/\/dev.luisgehrmann.de\/en\/meisterkurs-montepulciano-italien-2025\/\" target=\"_self\" >Meisterkurs Montepulciano Italien 2025<\/a><\/h2>\n\n<div class=\"entry-content wp-block-post-content is-layout-flow wp-block-post-content-is-layout-flow\">\n<p class=\"has-text-align-center\"><strong>August 2025<\/strong><\/p>\n\n\n\n<p class=\"has-text-align-center\">F\u00fcr weitere Infos <a href=\"https:\/\/www.palazzoricci.com\/meisterkurse\/kurse-2022\"><strong>hier<\/strong><\/a> klicken<\/p>\n\n\n\n<div class=\"wp-block-buttons is-content-justification-center is-layout-flex wp-container-core-buttons-is-layout-2 wp-block-buttons-is-layout-flex\">\n<div class=\"wp-block-button\"><a class=\"wp-block-button__link has-text-align-left wp-element-button\" href=\"mailto:gesang@gmx.de?subject=Meisterkurs Montepulciano Italien 2025\" style=\"border-radius:10px\">Anmeldung<\/a><\/div>\n<\/div>\n<\/div><\/div>\n<\/div>\n<\/div>\n\n\n\n<div style=\"height:17px\" aria-hidden=\"true\" class=\"wp-block-spacer\"><\/div>\n\n\n\n<hr class=\"wp-block-separator has-text-color has-secondary-color has-alpha-channel-opacity has-secondary-background-color has-background is-style-wide\"\/>\n\n<\/li><li class=\"wp-block-post post-2971 post type-post status-publish format-standard has-post-thumbnail hentry category-gesangskurs\">\n\n<div class=\"wp-block-group has-global-padding is-layout-constrained wp-block-group-is-layout-constrained\" style=\"padding-top:0;padding-bottom:0\">\n<div class=\"wp-block-columns alignwide is-layout-flex wp-container-core-columns-is-layout-4 wp-block-columns-is-layout-flex\">\n<div class=\"wp-block-column is-vertically-aligned-center is-layout-flow wp-block-column-is-layout-flow\" style=\"flex-basis:40%\"><figure style=\"aspect-ratio:4\/3;\" class=\"aligncenter wp-block-post-featured-image wp-duotone-unset-3\"><a href=\"https:\/\/dev.luisgehrmann.de\/en\/meisterkurs-musikhaus-koeln-sued-2025\/\" target=\"_self\"  ><img loading=\"lazy\" decoding=\"async\" width=\"602\" height=\"343\" src=\"https:\/\/dev.luisgehrmann.de\/wp-content\/uploads\/2024\/09\/Musikhaus-Koeln.jpg\" class=\"attachment-post-thumbnail size-post-thumbnail wp-post-image\" alt=\"Meisterkurs Musikhaus K\u00f6ln S\u00fcd 2025\" style=\"border-radius:10px;border-style:none;border-width:0px;width:100%;height:100%;object-fit:cover;\" srcset=\"https:\/\/dev.luisgehrmann.de\/wp-content\/uploads\/2024\/09\/Musikhaus-Koeln.jpg 602w, https:\/\/dev.luisgehrmann.de\/wp-content\/uploads\/2024\/09\/Musikhaus-Koeln-300x171.jpg 300w, https:\/\/dev.luisgehrmann.de\/wp-content\/uploads\/2024\/09\/Musikhaus-Koeln-18x10.jpg 18w\" sizes=\"(max-width: 602px) 100vw, 602px\" \/><\/a><\/figure><\/div>\n\n\n\n<div class=\"wp-block-column is-vertically-aligned-center is-layout-flow wp-block-column-is-layout-flow\" style=\"flex-basis:60%\"><h2 class=\"has-text-align-center wp-block-post-title\"><a href=\"https:\/\/dev.luisgehrmann.de\/en\/meisterkurs-musikhaus-koeln-sued-2025\/\" target=\"_self\" >Meisterkurs Musikhaus K\u00f6ln S\u00fcd 2025<\/a><\/h2>\n\n<div class=\"entry-content wp-block-post-content is-layout-flow wp-block-post-content-is-layout-flow\">\n<p class=\"has-text-align-center\"><strong>21. April &#8211; 25. April 2025<\/strong><\/p>\n\n\n\n<p class=\"has-text-align-center\">F\u00fcr weitere Infos <a href=\"http:\/\/www.musikhaus-sued.de\/\"><strong>hier<\/strong><\/a> klicken<\/p>\n\n\n\n<div class=\"wp-block-buttons is-content-justification-center is-layout-flex wp-container-core-buttons-is-layout-3 wp-block-buttons-is-layout-flex\">\n<div class=\"wp-block-button\"><a class=\"wp-block-button__link has-text-align-left wp-element-button\" href=\"mailto:gesang@gmx.de?subject=Meisterkurs Musikhaus K\u00f6ln S\u00fcd 2025\" style=\"border-radius:10px\">Anmeldung<\/a><\/div>\n<\/div>\n<\/div><\/div>\n<\/div>\n<\/div>\n\n\n\n<div style=\"height:17px\" aria-hidden=\"true\" class=\"wp-block-spacer\"><\/div>\n\n\n\n<hr class=\"wp-block-separator has-text-color has-secondary-color has-alpha-channel-opacity has-secondary-background-color has-background is-style-wide\"\/>\n\n<\/li><li class=\"wp-block-post post-1734 post type-post status-publish format-standard has-post-thumbnail hentry category-gesangskurs\">\n\n<div class=\"wp-block-group has-global-padding is-layout-constrained wp-block-group-is-layout-constrained\" style=\"padding-top:0;padding-bottom:0\">\n<div class=\"wp-block-columns alignwide is-layout-flex wp-container-core-columns-is-layout-5 wp-block-columns-is-layout-flex\">\n<div class=\"wp-block-column is-vertically-aligned-center is-layout-flow wp-block-column-is-layout-flow\" style=\"flex-basis:40%\"><figure style=\"aspect-ratio:4\/3;\" class=\"aligncenter wp-block-post-featured-image wp-duotone-unset-4\"><a href=\"https:\/\/dev.luisgehrmann.de\/en\/sommerkurs-fuer-gesang-waldniel-2024\/\" target=\"_self\"  ><img loading=\"lazy\" decoding=\"async\" width=\"505\" height=\"374\" src=\"https:\/\/dev.luisgehrmann.de\/wp-content\/uploads\/2024\/06\/Buergerhaus-Waldniel-e1721485512836.jpg\" class=\"attachment-post-thumbnail size-post-thumbnail wp-post-image\" alt=\"Sommerkurs f\u00fcr Gesang Waldniel 2025\" style=\"border-radius:10px;border-style:none;border-width:0px;width:100%;height:100%;object-fit:cover;\" srcset=\"https:\/\/dev.luisgehrmann.de\/wp-content\/uploads\/2024\/06\/Buergerhaus-Waldniel-e1721485512836.jpg 505w, https:\/\/dev.luisgehrmann.de\/wp-content\/uploads\/2024\/06\/Buergerhaus-Waldniel-e1721485512836-300x222.jpg 300w\" sizes=\"(max-width: 505px) 100vw, 505px\" \/><\/a><\/figure><\/div>\n\n\n\n<div class=\"wp-block-column is-vertically-aligned-center is-layout-flow wp-block-column-is-layout-flow\" style=\"flex-basis:60%\"><h2 class=\"has-text-align-center wp-block-post-title\"><a href=\"https:\/\/dev.luisgehrmann.de\/en\/sommerkurs-fuer-gesang-waldniel-2024\/\" target=\"_self\" >Sommerkurs f\u00fcr Gesang Waldniel 2025<\/a><\/h2>\n\n<div class=\"entry-content wp-block-post-content is-layout-flow wp-block-post-content-is-layout-flow\">\n<p class=\"has-text-align-center\"><strong>27. Juli &#8211; 2. August 2025<\/strong><\/p>\n\n\n\n<p class=\"has-text-align-center\">F\u00fcr weitere Infos <a href=\"https:\/\/www.schwalmtal.de\/freizeit-kultur\/kultur\/kulturprogramm-der-gemeinde-schwalmtal\" target=\"_blank\" rel=\"noopener\" title=\"\"><strong>hier<\/strong><\/a> klicken<\/p>\n\n\n\n<div class=\"wp-block-buttons is-content-justification-center is-layout-flex wp-container-core-buttons-is-layout-4 wp-block-buttons-is-layout-flex\">\n<div class=\"wp-block-button\"><a class=\"wp-block-button__link has-text-align-left wp-element-button\" href=\"mailto:gesang@gmx.de?subject=Sommerkurs f\u00fcr Gesang Waldniel 2025\" style=\"border-radius:10px\">Anmeldung<\/a><\/div>\n<\/div>\n<\/div><\/div>\n<\/div>\n<\/div>\n\n\n\n<div style=\"height:17px\" aria-hidden=\"true\" class=\"wp-block-spacer\"><\/div>\n\n\n\n<hr class=\"wp-block-separator has-text-color has-secondary-color has-alpha-channel-opacity has-secondary-background-color has-background is-style-wide\"\/>\n\n<\/li><\/ul><\/div>","protected":false},"excerpt":{"rendered":"<p>Seit \u00fcber 20 Jahren gibt Thomas Heyer Gesangskurse f\u00fcr S\u00e4ngerinnen und S\u00e4nger und leitet Fortbildungen f\u00fcr GesangslehrerInnen. In weit \u00fcber 200 Kursen in vielen Teilen der Welt konnte er mehr mit unz\u00e4hligen S\u00e4ngerinnen und S\u00e4ngern aller Stimmf\u00e4cher aus folgenden L\u00e4ndern unterrichten: Armenien, Belgien, China, Deutschland, Frankreich, Italien, Japan, Kanada, Korea, Lettland, Neuseeland, Niederlande, Polen \u00d6sterreich,&#8230;<\/p>","protected":false},"author":1,"featured_media":0,"parent":0,"menu_order":0,"comment_status":"closed","ping_status":"closed","template":"","meta":{"_uag_custom_page_level_css":"","footnotes":""},"uagb_featured_image_src":{"full":false,"thumbnail":false,"medium":false,"medium_large":false,"large":false,"1536x1536":false,"2048x2048":false,"trp-custom-language-flag":false},"uagb_author_info":{"display_name":"luisghrmnn@gmail.com","author_link":"https:\/\/dev.luisgehrmann.de\/en\/author\/luisghrmnngmail-com\/"},"uagb_comment_info":0,"uagb_excerpt":"Seit \u00fcber 20 Jahren gibt Thomas Heyer Gesangskurse f\u00fcr S\u00e4ngerinnen und S\u00e4nger und leitet Fortbildungen f\u00fcr GesangslehrerInnen. In weit \u00fcber 200 Kursen in vielen Teilen der Welt konnte er mehr mit unz\u00e4hligen S\u00e4ngerinnen und S\u00e4ngern aller Stimmf\u00e4cher aus folgenden L\u00e4ndern unterrichten: Armenien, Belgien, China, Deutschland, Frankreich, Italien, Japan, Kanada, Korea, Lettland, Neuseeland, Niederlande, Polen \u00d6sterreich,...","_links":{"self":[{"href":"https:\/\/dev.luisgehrmann.de\/en\/wp-json\/wp\/v2\/pages\/1763"}],"collection":[{"href":"https:\/\/dev.luisgehrmann.de\/en\/wp-json\/wp\/v2\/pages"}],"about":[{"href":"https:\/\/dev.luisgehrmann.de\/en\/wp-json\/wp\/v2\/types\/page"}],"author":[{"embeddable":true,"href":"https:\/\/dev.luisgehrmann.de\/en\/wp-json\/wp\/v2\/users\/1"}],"replies":[{"embeddable":true,"href":"https:\/\/dev.luisgehrmann.de\/en\/wp-json\/wp\/v2\/comments?post=1763"}],"version-history":[{"count":83,"href":"https:\/\/dev.luisgehrmann.de\/en\/wp-json\/wp\/v2\/pages\/1763\/revisions"}],"predecessor-version":[{"id":2985,"href":"https:\/\/dev.luisgehrmann.de\/en\/wp-json\/wp\/v2\/pages\/1763\/revisions\/2985"}],"wp:attachment":[{"href":"https:\/\/dev.luisgehrmann.de\/en\/wp-json\/wp\/v2\/media?parent=1763"}],"curies":[{"name":"wp","href":"https:\/\/api.w.org\/{rel}","templated":true}]}}