{"id":2852,"date":"2024-09-12T22:09:57","date_gmt":"2024-09-12T22:09:57","guid":{"rendered":"https:\/\/dev.luisgehrmann.de\/?page_id=2852"},"modified":"2024-09-24T23:39:13","modified_gmt":"2024-09-24T23:39:13","slug":"vita","status":"publish","type":"page","link":"https:\/\/dev.luisgehrmann.de\/en\/vita\/","title":{"rendered":"Vita"},"content":{"rendered":"<div class=\"wp-block-group has-global-padding is-layout-constrained wp-block-group-is-layout-constrained\">\n<div class=\"wp-block-group has-global-padding is-layout-constrained wp-container-core-group-is-layout-1 wp-block-group-is-layout-constrained\"><div class=\"trp-block-container\"><div class=\"trp_language_switcher_shortcode\">\n<div class=\"trp-language-switcher trp-language-switcher-container\" data-no-translation>\n    <div class=\"trp-ls-shortcode-current-language\">\n        <a href=\"#\" class=\"trp-ls-shortcode-disabled-language trp-ls-disabled-language\" title=\"English\" onclick=\"event.preventDefault()\">\n\t\t\t<img loading=\"lazy\" decoding=\"async\" class=\"trp-flag-image\" src=\"https:\/\/dev.luisgehrmann.de\/wp-content\/plugins\/translatepress-multilingual\/assets\/images\/flags\/en_US.png\" width=\"18\" height=\"12\" alt=\"en_US\" title=\"English\"> English\t\t<\/a>\n    <\/div>\n    <div class=\"trp-ls-shortcode-language\">\n                <a href=\"#\" class=\"trp-ls-shortcode-disabled-language trp-ls-disabled-language\"  title=\"English\" onclick=\"event.preventDefault()\">\n\t\t\t<img loading=\"lazy\" decoding=\"async\" class=\"trp-flag-image\" src=\"https:\/\/dev.luisgehrmann.de\/wp-content\/plugins\/translatepress-multilingual\/assets\/images\/flags\/en_US.png\" width=\"18\" height=\"12\" alt=\"en_US\" title=\"English\"> English\t\t<\/a>\n                    <a href=\"https:\/\/dev.luisgehrmann.de\/wp-json\/wp\/v2\/pages\/2852\/\" title=\"German\">\n            <img loading=\"lazy\" decoding=\"async\" class=\"trp-flag-image\" src=\"https:\/\/dev.luisgehrmann.de\/wp-content\/plugins\/translatepress-multilingual\/assets\/images\/flags\/de_DE.png\" width=\"18\" height=\"12\" alt=\"de_DE\" title=\"German\"> German        <\/a>\n\n        <\/div>\n    <script type=\"application\/javascript\">\n        \/\/ need to have the same with set from JS on both divs. Otherwise it can push stuff around in HTML\n        var trp_ls_shortcodes = document.querySelectorAll('.trp_language_switcher_shortcode .trp-language-switcher');\n        if ( trp_ls_shortcodes.length > 0) {\n            \/\/ get the last language switcher added\n            var trp_el = trp_ls_shortcodes[trp_ls_shortcodes.length - 1];\n\n            var trp_shortcode_language_item = trp_el.querySelector( '.trp-ls-shortcode-language' )\n            \/\/ set width\n            var trp_ls_shortcode_width                                               = trp_shortcode_language_item.offsetWidth + 16;\n            trp_shortcode_language_item.style.width                                  = trp_ls_shortcode_width + 'px';\n            trp_el.querySelector( '.trp-ls-shortcode-current-language' ).style.width = trp_ls_shortcode_width + 'px';\n\n            \/\/ We're putting this on display: none after we have its width.\n            trp_shortcode_language_item.style.display = 'none';\n        }\n    <\/script>\n<\/div>\n<\/div><\/div><\/div>\n<\/div>\n\n\n\n<div class=\"wp-block-group is-layout-flow wp-block-group-is-layout-flow\" style=\"border-top-style:none;border-top-width:0px;border-bottom-style:none;border-bottom-width:0px;padding-right:0px;padding-left:0px\">\n<div style=\"height:23px\" aria-hidden=\"true\" class=\"wp-block-spacer\"><\/div>\n\n\n\n<div class=\"wp-block-columns is-layout-flex wp-container-core-columns-is-layout-1 wp-block-columns-is-layout-flex\">\n<div class=\"wp-block-column is-layout-flow wp-block-column-is-layout-flow\" style=\"flex-basis:15%\"><\/div>\n\n\n\n<div class=\"wp-block-column is-vertically-aligned-center is-layout-flow wp-block-column-is-layout-flow\" style=\"padding-right:var(--wp--preset--spacing--30);padding-left:var(--wp--preset--spacing--30);flex-basis:30%\">\n<div style=\"height:55px\" aria-hidden=\"true\" class=\"wp-block-spacer\"><\/div>\n\n\n\n<figure class=\"wp-block-image aligncenter size-full is-resized has-custom-border is-style-default\"><img loading=\"lazy\" decoding=\"async\" width=\"602\" height=\"903\" src=\"https:\/\/thomasheyer-com.preview-domain.com\/wp-content\/uploads\/2024\/06\/Profilbild.jpg\" alt=\"\" class=\"wp-image-1771\" style=\"border-radius:20px;width:500px\" srcset=\"https:\/\/dev.luisgehrmann.de\/wp-content\/uploads\/2024\/06\/Profilbild.jpg 602w, https:\/\/dev.luisgehrmann.de\/wp-content\/uploads\/2024\/06\/Profilbild-200x300.jpg 200w\" sizes=\"(max-width: 602px) 100vw, 602px\" \/><\/figure>\n\n\n\n<div style=\"height:55px\" aria-hidden=\"true\" class=\"wp-block-spacer\"><\/div>\n<\/div>\n\n\n\n<div class=\"wp-block-column is-vertically-aligned-center is-layout-flow wp-container-core-column-is-layout-3 wp-block-column-is-layout-flow\" style=\"padding-right:0px;padding-left:0px;flex-basis:45%\">\n<div class=\"wp-block-group is-layout-flow wp-block-group-is-layout-flow\" style=\"padding-right:var(--wp--preset--spacing--30);padding-left:var(--wp--preset--spacing--30)\">\n<p class=\"has-text-align-left\">The Tenor Thomas Heyer grew up in Waldniel on the Lower Rhine.<\/p>\n\n\n\n<p class=\"has-text-align-left\">He first studied school music and German language and literature in Cologne, followed by studies in singing and vocal pedagogy.<\/p>\n\n\n\n<p class=\"has-text-align-left\">His singing activities have taken him across Europe, North America and Africa. Thomas Heyer has been involved in various radio and television productions (WDR, BR, 3-Sat, HR, Arte, BfBS etc.) which have also partially been recorded and produced as CDs.In the concert scene, his repertoire includes all the great oratorios from Bach's evangelists, the entire classical and romantic sacred repertoire to Mahler's 8th Symphony \u201cDas Lied der Erde\u201d and the Verdi Requiem. On the opera stage he frequently been engaged as a Mozart tenor and in bel canto operas and has most recently been transitioning into the dramatic tenor repertoire. Song recitals are another focus of his artistic work.<\/p>\n\n\n\n<p class=\"has-text-align-left\">Thomas Heyer has been teaching passionately for over 30 years. In addition to being a professor of singing and vocal studies at the Frankfurt University of Music and Performing Arts, he is a sought after guest lecturer at various European universities and leads master classes throughout the world, most recently being invited to teach in Germany, Italy, Slovenia, France, Poland, New Zealand, America and Canada. His students are engaged in various international opera houses (Hamburg State Opera, Bavarian State Opera, Milan Scala, etc.), prize winners in international competitions and lecturers and professors at universities and colleges.<\/p>\n<\/div>\n<\/div>\n\n\n\n<div class=\"wp-block-column is-layout-flow wp-block-column-is-layout-flow\" style=\"flex-basis:10%\"><\/div>\n<\/div>\n\n\n\n<div style=\"height:20px\" aria-hidden=\"true\" class=\"wp-block-spacer\"><\/div>\n<\/div>","protected":false},"excerpt":{"rendered":"<p>Der Tenor Thomas Heyer stammt aus Waldniel am Niederrhein. Zun\u00e4chst studierte er in K\u00f6ln Schulmusik und Germanistik, dann folgte ein Studium in Gesang und Gesangsp\u00e4dagogik. Seine s\u00e4ngerische T\u00e4tigkeit f\u00fchrte ihn durch ganz Europa, Nordamerika und Afrika. Thomas Heyer wirkte in diversen Rundfunk\u2013 und Fernsehproduktionen mit. (WDR, BR, 3-Sat, HR, Arte, BfBS etc.) Hieraus entstanden auch&#8230;<\/p>","protected":false},"author":1,"featured_media":0,"parent":0,"menu_order":0,"comment_status":"closed","ping_status":"closed","template":"","meta":{"_uag_custom_page_level_css":"","footnotes":""},"uagb_featured_image_src":{"full":false,"thumbnail":false,"medium":false,"medium_large":false,"large":false,"1536x1536":false,"2048x2048":false,"trp-custom-language-flag":false},"uagb_author_info":{"display_name":"luisghrmnn@gmail.com","author_link":"https:\/\/dev.luisgehrmann.de\/en\/author\/luisghrmnngmail-com\/"},"uagb_comment_info":0,"uagb_excerpt":"Der Tenor Thomas Heyer stammt aus Waldniel am Niederrhein. Zun\u00e4chst studierte er in K\u00f6ln Schulmusik und Germanistik, dann folgte ein Studium in Gesang und Gesangsp\u00e4dagogik. Seine s\u00e4ngerische T\u00e4tigkeit f\u00fchrte ihn durch ganz Europa, Nordamerika und Afrika. Thomas Heyer wirkte in diversen Rundfunk\u2013 und Fernsehproduktionen mit. (WDR, BR, 3-Sat, HR, Arte, BfBS etc.) Hieraus entstanden auch...","_links":{"self":[{"href":"https:\/\/dev.luisgehrmann.de\/en\/wp-json\/wp\/v2\/pages\/2852"}],"collection":[{"href":"https:\/\/dev.luisgehrmann.de\/en\/wp-json\/wp\/v2\/pages"}],"about":[{"href":"https:\/\/dev.luisgehrmann.de\/en\/wp-json\/wp\/v2\/types\/page"}],"author":[{"embeddable":true,"href":"https:\/\/dev.luisgehrmann.de\/en\/wp-json\/wp\/v2\/users\/1"}],"replies":[{"embeddable":true,"href":"https:\/\/dev.luisgehrmann.de\/en\/wp-json\/wp\/v2\/comments?post=2852"}],"version-history":[{"count":19,"href":"https:\/\/dev.luisgehrmann.de\/en\/wp-json\/wp\/v2\/pages\/2852\/revisions"}],"predecessor-version":[{"id":2987,"href":"https:\/\/dev.luisgehrmann.de\/en\/wp-json\/wp\/v2\/pages\/2852\/revisions\/2987"}],"wp:attachment":[{"href":"https:\/\/dev.luisgehrmann.de\/en\/wp-json\/wp\/v2\/media?parent=2852"}],"curies":[{"name":"wp","href":"https:\/\/api.w.org\/{rel}","templated":true}]}}